{"id":28,"date":"2020-01-17T15:26:04","date_gmt":"2020-01-17T14:26:04","guid":{"rendered":"https:\/\/demosites.io\/web-agency\/?page_id=28"},"modified":"2021-02-25T15:15:49","modified_gmt":"2021-02-25T14:15:49","slug":"o-nas","status":"publish","type":"page","link":"http:\/\/serwispak.eu\/?page_id=28","title":{"rendered":"About Us"},"content":{"rendered":"\t\t<div data-elementor-type=\"wp-page\" data-elementor-id=\"28\" class=\"elementor elementor-28\" data-elementor-settings=\"[]\">\n\t\t\t\t\t\t<div class=\"elementor-inner\">\n\t\t\t\t\t\t\t<div class=\"elementor-section-wrap\">\n\t\t\t\t\t\t\t<section class=\"elementor-section elementor-top-section elementor-element elementor-element-d58ea62 elementor-section-boxed elementor-section-height-default elementor-section-height-default\" data-id=\"d58ea62\" data-element_type=\"section\">\n\t\t\t\t\t\t<div class=\"elementor-container elementor-column-gap-default\">\n\t\t\t\t\t\t\t<div class=\"elementor-row\">\n\t\t\t\t\t<div class=\"elementor-column elementor-col-100 elementor-top-column elementor-element elementor-element-978314f\" data-id=\"978314f\" data-element_type=\"column\">\n\t\t\t<div class=\"elementor-column-wrap elementor-element-populated\">\n\t\t\t\t\t\t\t<div class=\"elementor-widget-wrap\">\n\t\t\t\t\t\t<div class=\"elementor-element elementor-element-fe4411c elementor-widget elementor-widget-heading\" data-id=\"fe4411c\" data-element_type=\"widget\" data-widget_type=\"heading.default\">\n\t\t\t\t<div class=\"elementor-widget-container\">\n\t\t\t<h1 class=\"elementor-heading-title elementor-size-default\">O nas<\/h1>\t\t<\/div>\n\t\t\t\t<\/div>\n\t\t\t\t\t\t<\/div>\n\t\t\t\t\t<\/div>\n\t\t<\/div>\n\t\t\t\t\t\t\t\t<\/div>\n\t\t\t\t\t<\/div>\n\t\t<\/section>\n\t\t\t\t<section class=\"elementor-section elementor-top-section elementor-element elementor-element-4289a2a elementor-section-boxed elementor-section-height-default elementor-section-height-default\" data-id=\"4289a2a\" data-element_type=\"section\" data-settings=\"{&quot;background_background&quot;:&quot;classic&quot;}\">\n\t\t\t\t\t\t<div class=\"elementor-container elementor-column-gap-default\">\n\t\t\t\t\t\t\t<div class=\"elementor-row\">\n\t\t\t\t\t<div class=\"elementor-column elementor-col-50 elementor-top-column elementor-element elementor-element-180b719\" data-id=\"180b719\" data-element_type=\"column\">\n\t\t\t<div class=\"elementor-column-wrap elementor-element-populated\">\n\t\t\t\t\t\t\t<div class=\"elementor-widget-wrap\">\n\t\t\t\t\t\t<div class=\"elementor-element elementor-element-c6bbbfe elementor-widget elementor-widget-spacer\" data-id=\"c6bbbfe\" data-element_type=\"widget\" data-widget_type=\"spacer.default\">\n\t\t\t\t<div class=\"elementor-widget-container\">\n\t\t\t\t\t<div class=\"elementor-spacer\">\n\t\t\t<div class=\"elementor-spacer-inner\"><\/div>\n\t\t<\/div>\n\t\t\t\t<\/div>\n\t\t\t\t<\/div>\n\t\t\t\t<div class=\"elementor-element elementor-element-9c76e5e elementor-widget elementor-widget-image\" data-id=\"9c76e5e\" data-element_type=\"widget\" data-widget_type=\"image.default\">\n\t\t\t\t<div class=\"elementor-widget-container\">\n\t\t\t\t\t<div class=\"elementor-image\">\n\t\t\t\t\t\t\t\t\t\t<img width=\"1024\" height=\"645\" src=\"http:\/\/serwispak.eu\/wp-content\/uploads\/2020\/06\/IMG_2651-1024x645.jpg\" class=\"attachment-large size-large\" alt=\"\" srcset=\"http:\/\/serwispak.eu\/wp-content\/uploads\/2020\/06\/IMG_2651-1024x645.jpg 1024w, http:\/\/serwispak.eu\/wp-content\/uploads\/2020\/06\/IMG_2651-300x189.jpg 300w, http:\/\/serwispak.eu\/wp-content\/uploads\/2020\/06\/IMG_2651-768x483.jpg 768w, http:\/\/serwispak.eu\/wp-content\/uploads\/2020\/06\/IMG_2651-1536x967.jpg 1536w, http:\/\/serwispak.eu\/wp-content\/uploads\/2020\/06\/IMG_2651-e1614260636316.jpg 1200w\" sizes=\"(max-width: 1024px) 100vw, 1024px\" \/>\t\t\t\t\t\t\t\t\t\t\t<\/div>\n\t\t\t\t<\/div>\n\t\t\t\t<\/div>\n\t\t\t\t<div class=\"elementor-element elementor-element-5ddde2d elementor-widget elementor-widget-spacer\" data-id=\"5ddde2d\" data-element_type=\"widget\" data-widget_type=\"spacer.default\">\n\t\t\t\t<div class=\"elementor-widget-container\">\n\t\t\t\t\t<div class=\"elementor-spacer\">\n\t\t\t<div class=\"elementor-spacer-inner\"><\/div>\n\t\t<\/div>\n\t\t\t\t<\/div>\n\t\t\t\t<\/div>\n\t\t\t\t\t\t<\/div>\n\t\t\t\t\t<\/div>\n\t\t<\/div>\n\t\t\t\t<div class=\"elementor-column elementor-col-50 elementor-top-column elementor-element elementor-element-b10cbf9\" data-id=\"b10cbf9\" data-element_type=\"column\">\n\t\t\t<div class=\"elementor-column-wrap elementor-element-populated\">\n\t\t\t\t\t\t\t<div class=\"elementor-widget-wrap\">\n\t\t\t\t\t\t<div class=\"elementor-element elementor-element-291533d elementor-widget elementor-widget-heading\" data-id=\"291533d\" data-element_type=\"widget\" data-widget_type=\"heading.default\">\n\t\t\t\t<div class=\"elementor-widget-container\">\n\t\t\t<h2 class=\"elementor-heading-title elementor-size-default\">Serwis Pak<\/h2>\t\t<\/div>\n\t\t\t\t<\/div>\n\t\t\t\t<div class=\"elementor-element elementor-element-5e04df4 elementor-widget elementor-widget-text-editor\" data-id=\"5e04df4\" data-element_type=\"widget\" data-widget_type=\"text-editor.default\">\n\t\t\t\t<div class=\"elementor-widget-container\">\n\t\t\t\t\t<div class=\"elementor-text-editor elementor-clearfix\"><p>Zajmujemy si\u0119 sprzeda\u017c\u0105 detaliczn\u0105 i hurtow\u0105 produkt\u00f3w higieny, chemii, opakowa\u0144 i artyku\u0142\u00f3w biurowych. Znajdziecie u nas w konkurencyjnych cenach produkty do kuchni, \u0142azienki, og\u00f3lnego utrzymania czysto\u015bci i wiele innych. Sprzedajemy te\u017c chemi\u0119 profesjonaln\u0105, kt\u00f3ra dobrze konkuruje cen\u0105 i jako\u015bci\u0105 z produktami, kt\u00f3re znacie z p\u00f3\u0142ek hipermarket\u00f3w. Dzi\u0119ki niej mniej si\u0119 napracujecie i uzyskacie zaskakuj\u0105ce efekty.<\/p><p>Zaopatrujemy obecnie gastronomie ma\u0142e i du\u017ce, szko\u0142y, przedszkola, szpitale, przychodnie zdrowia, sklepy, kosmetyczki, fryzjer\u00f3w, salony masa\u017cu, baseny, stacje benzynowe, du\u017ce hale produkcyjne i wiele innych. Dow\u00f3z do klienta gratis i fachowa pomoc. Jeste\u015bmy w stanie zaopatrzy\u0107 praktycznie ka\u017cd\u0105 firm\u0119 od \u015brodk\u00f3w czysto\u015bci po materia\u0142y biurowe.<\/p><\/div>\n\t\t\t\t<\/div>\n\t\t\t\t<\/div>\n\t\t\t\t\t\t<\/div>\n\t\t\t\t\t<\/div>\n\t\t<\/div>\n\t\t\t\t\t\t\t\t<\/div>\n\t\t\t\t\t<\/div>\n\t\t<\/section>\n\t\t\t\t<section class=\"elementor-section elementor-top-section elementor-element elementor-element-3ba47cd elementor-section-boxed elementor-section-height-default elementor-section-height-default\" data-id=\"3ba47cd\" data-element_type=\"section\" data-settings=\"{&quot;background_background&quot;:&quot;classic&quot;}\">\n\t\t\t\t\t\t<div class=\"elementor-container elementor-column-gap-default\">\n\t\t\t\t\t\t\t<div class=\"elementor-row\">\n\t\t\t\t\t<div class=\"elementor-column elementor-col-50 elementor-top-column elementor-element elementor-element-1d6aef9\" data-id=\"1d6aef9\" data-element_type=\"column\">\n\t\t\t<div class=\"elementor-column-wrap elementor-element-populated\">\n\t\t\t\t\t\t\t<div class=\"elementor-widget-wrap\">\n\t\t\t\t\t\t<div class=\"elementor-element elementor-element-6a6214e elementor-widget elementor-widget-heading\" data-id=\"6a6214e\" data-element_type=\"widget\" data-widget_type=\"heading.default\">\n\t\t\t\t<div class=\"elementor-widget-container\">\n\t\t\t<h3 class=\"elementor-heading-title elementor-size-default\"><h2 style=\"letter-spacing: normal; white-space: normal;\">Sklep Online<\/h2><\/h3>\t\t<\/div>\n\t\t\t\t<\/div>\n\t\t\t\t<div class=\"elementor-element elementor-element-5a86f5a elementor-widget elementor-widget-text-editor\" data-id=\"5a86f5a\" data-element_type=\"widget\" data-widget_type=\"text-editor.default\">\n\t\t\t\t<div class=\"elementor-widget-container\">\n\t\t\t\t\t<div class=\"elementor-text-editor elementor-clearfix\"><p>Serdecznie zapraszamy do odwidzenia\u00a0naszego sklepu internetowego. Zajmujemy si\u0119 sprzeda\u017c\u0105 detaliczn\u0105 i hurtow\u0105 produkt\u00f3w higieny, chemii, opakowa\u0144 i artyku\u0142\u00f3w biurowych. Znajdziecie u nas w konkurencyjnych cenach produkty do kuchni, \u0142azienki, og\u00f3lnego utrzymania czysto\u015bci i wiele innych. Sprzedajemy te\u017c chemi\u0119 profesjonaln\u0105, kt\u00f3ra dobrze konkuruje cen\u0105 i jako\u015bci\u0105 z produktami, kt\u00f3re znacie z p\u00f3\u0142ek hipermarket\u00f3w. Dzi\u0119ki niej mniej si\u0119 napracujecie i uzyskacie zaskakuj\u0105ce efekty.<\/p><\/div>\n\t\t\t\t<\/div>\n\t\t\t\t<\/div>\n\t\t\t\t<div class=\"elementor-element elementor-element-7bf2068 elementor-mobile-align-justify elementor-widget elementor-widget-button\" data-id=\"7bf2068\" data-element_type=\"widget\" data-widget_type=\"button.default\">\n\t\t\t\t<div class=\"elementor-widget-container\">\n\t\t\t\t\t<div class=\"elementor-button-wrapper\">\n\t\t\t<a href=\"http:\/\/sklep.serwispak.eu\" class=\"elementor-button-link elementor-button elementor-size-md\" role=\"button\">\n\t\t\t\t\t\t<span class=\"elementor-button-content-wrapper\">\n\t\t\t\t\t\t<span class=\"elementor-button-text\">Przejd\u017a do Sklepu<\/span>\n\t\t<\/span>\n\t\t\t\t\t<\/a>\n\t\t<\/div>\n\t\t\t\t<\/div>\n\t\t\t\t<\/div>\n\t\t\t\t\t\t<\/div>\n\t\t\t\t\t<\/div>\n\t\t<\/div>\n\t\t\t\t<div class=\"elementor-column elementor-col-50 elementor-top-column elementor-element elementor-element-0666b8c\" data-id=\"0666b8c\" data-element_type=\"column\">\n\t\t\t<div class=\"elementor-column-wrap elementor-element-populated\">\n\t\t\t\t\t\t\t<div class=\"elementor-widget-wrap\">\n\t\t\t\t\t\t<div class=\"elementor-element elementor-element-8c20997 elementor-widget elementor-widget-image\" data-id=\"8c20997\" data-element_type=\"widget\" data-widget_type=\"image.default\">\n\t\t\t\t<div class=\"elementor-widget-container\">\n\t\t\t\t\t<div class=\"elementor-image\">\n\t\t\t\t\t\t\t\t\t\t<img src=\"http:\/\/serwispak.eu\/wp-content\/uploads\/2020\/01\/neve-web-design-studio-11.jpg\" title=\"\" alt=\"\" \/>\t\t\t\t\t\t\t\t\t\t\t<\/div>\n\t\t\t\t<\/div>\n\t\t\t\t<\/div>\n\t\t\t\t\t\t<\/div>\n\t\t\t\t\t<\/div>\n\t\t<\/div>\n\t\t\t\t\t\t\t\t<\/div>\n\t\t\t\t\t<\/div>\n\t\t<\/section>\n\t\t\t\t\t\t<\/div>\n\t\t\t\t\t\t<\/div>\n\t\t\t\t\t<\/div>\n\t\t","protected":false},"excerpt":{"rendered":"<p>O nas Serwis Pak Zajmujemy si\u0119 sprzeda\u017c\u0105 detaliczn\u0105 i hurtow\u0105 produkt\u00f3w higieny, chemii, opakowa\u0144 i artyku\u0142\u00f3w biurowych. Znajdziecie u nas w konkurencyjnych cenach produkty do kuchni, \u0142azienki, og\u00f3lnego utrzymania czysto\u015bci i wiele innych. Sprzedajemy te\u017c chemi\u0119 profesjonaln\u0105, kt\u00f3ra dobrze konkuruje cen\u0105 i jako\u015bci\u0105 z produktami, kt\u00f3re znacie z p\u00f3\u0142ek hipermarket\u00f3w. Dzi\u0119ki niej mniej si\u0119 napracujecie&hellip;&nbsp;<a href=\"http:\/\/serwispak.eu\/?page_id=28\" class=\"\" rel=\"bookmark\">Czytaj wi\u0119cej &raquo;<span class=\"screen-reader-text\">About Us<\/span><\/a><\/p>\n","protected":false},"author":1,"featured_media":0,"parent":0,"menu_order":0,"comment_status":"closed","ping_status":"closed","template":"elementor_header_footer","meta":{"neve_meta_sidebar":"full-width","neve_meta_container":"","neve_meta_enable_content_width":"on","neve_meta_content_width":100,"neve_meta_title_alignment":"","neve_meta_author_avatar":"","neve_post_elements_order":"","neve_meta_disable_header":"","neve_meta_disable_footer":"","neve_meta_disable_title":""},"_links":{"self":[{"href":"http:\/\/serwispak.eu\/index.php?rest_route=\/wp\/v2\/pages\/28"}],"collection":[{"href":"http:\/\/serwispak.eu\/index.php?rest_route=\/wp\/v2\/pages"}],"about":[{"href":"http:\/\/serwispak.eu\/index.php?rest_route=\/wp\/v2\/types\/page"}],"author":[{"embeddable":true,"href":"http:\/\/serwispak.eu\/index.php?rest_route=\/wp\/v2\/users\/1"}],"replies":[{"embeddable":true,"href":"http:\/\/serwispak.eu\/index.php?rest_route=%2Fwp%2Fv2%2Fcomments&post=28"}],"version-history":[{"count":11,"href":"http:\/\/serwispak.eu\/index.php?rest_route=\/wp\/v2\/pages\/28\/revisions"}],"predecessor-version":[{"id":335,"href":"http:\/\/serwispak.eu\/index.php?rest_route=\/wp\/v2\/pages\/28\/revisions\/335"}],"wp:attachment":[{"href":"http:\/\/serwispak.eu\/index.php?rest_route=%2Fwp%2Fv2%2Fmedia&parent=28"}],"curies":[{"name":"wp","href":"https:\/\/api.w.org\/{rel}","templated":true}]}}